{"id":11253,"date":"2023-06-15T10:30:09","date_gmt":"2023-06-15T10:30:09","guid":{"rendered":"https:\/\/carverifies.com\/?post_type=product&#038;p=11253"},"modified":"2023-06-15T12:46:49","modified_gmt":"2023-06-15T12:46:49","slug":"revision-super-deportivo","status":"publish","type":"product","link":"https:\/\/carverifies.com\/?product=revision-super-deportivo","title":{"rendered":"REVISI\u00d3N S\u00daPER-DEPORTIVO"},"content":{"rendered":"<p><strong>Veh\u00edculos s\u00faper-deportivos<\/strong><\/p>\n<p>Ejemplos: Lamborghini Gallardo, Audi R8, Porsche 911, Honda NSX, Nissan GTR\u2026<\/p>\n<p><b>TODOS LOS PRECIOS SON CON IVA INCLUIDO<\/b><\/p>\n<p><b>EL PRECIO DEL TRANSPORTE ES DE:<\/b><\/p>\n<p><b>A CONTAR A PARTIR DE 60KM A LAS AFUERAS DE M\u00c1LAGA<\/b><\/p>\n<p><b>0.6\u20ac\/Km, SOLO SE PAGA LA IDA<\/b><\/p>\n","protected":false},"excerpt":{"rendered":"<p><strong>Veh\u00edculos s\u00faper-deportivos<\/strong><\/p>\n<p>Ejemplos: Lamborghini Gallardo, Audi R8, Porsche 911, Honda NSX, Nissan GTR\u2026<\/p>\n<p><b>TODOS LOS PRECIOS SON CON IVA INCLUIDO<\/b><\/p>\n<p><b>EL PRECIO DEL TRANSPORTE ES DE:<\/b><\/p>\n<p><b>A CONTAR A PARTIR DE 60KM A LAS AFUERAS DE M\u00c1LAGA<\/b><\/p>\n<p><b>0.6\u20ac\/Km, SOLO SE PAGA LA IDA<\/b><\/p>\n","protected":false},"featured_media":11254,"template":"","meta":[],"product_cat":[261],"product_tag":[],"class_list":{"0":"post-11253","1":"product","2":"type-product","3":"status-publish","4":"has-post-thumbnail","6":"product_cat-sin-categorizar","8":"first","9":"instock","10":"taxable","11":"shipping-taxable","12":"purchasable","13":"product-type-simple"},"acf":[],"jetpack_sharing_enabled":true,"_links":{"self":[{"href":"https:\/\/carverifies.com\/index.php?rest_route=\/wp\/v2\/product\/11253"}],"collection":[{"href":"https:\/\/carverifies.com\/index.php?rest_route=\/wp\/v2\/product"}],"about":[{"href":"https:\/\/carverifies.com\/index.php?rest_route=\/wp\/v2\/types\/product"}],"wp:featuredmedia":[{"embeddable":true,"href":"https:\/\/carverifies.com\/index.php?rest_route=\/wp\/v2\/media\/11254"}],"wp:attachment":[{"href":"https:\/\/carverifies.com\/index.php?rest_route=%2Fwp%2Fv2%2Fmedia&parent=11253"}],"wp:term":[{"taxonomy":"product_cat","embeddable":true,"href":"https:\/\/carverifies.com\/index.php?rest_route=%2Fwp%2Fv2%2Fproduct_cat&post=11253"},{"taxonomy":"product_tag","embeddable":true,"href":"https:\/\/carverifies.com\/index.php?rest_route=%2Fwp%2Fv2%2Fproduct_tag&post=11253"}],"curies":[{"name":"wp","href":"https:\/\/api.w.org\/{rel}","templated":true}]}}