{"id":11251,"date":"2023-06-15T10:25:51","date_gmt":"2023-06-15T10:25:51","guid":{"rendered":"https:\/\/carverifies.com\/?post_type=product&#038;p=11251"},"modified":"2023-06-15T12:46:15","modified_gmt":"2023-06-15T12:46:15","slug":"revision-deportivo","status":"publish","type":"product","link":"https:\/\/carverifies.com\/?product=revision-deportivo","title":{"rendered":"REVISI\u00d3N DEPORTIVO"},"content":{"rendered":"<p><strong>Veh\u00edculos de variaci\u00f3n deportiva<\/strong><\/p>\n<p>Ejemplos: Alfa Romeo 4c, BMW M2, Audi RS3, Mercedes-Benz A45 AMG, Seat Leon Cupra\u2026<\/p>\n<p><b>TODOS LOS PRECIOS SON CON IVA INCLUIDO<\/b><\/p>\n<p><b>EL PRECIO DEL TRANSPORTE ES DE:<\/b><\/p>\n<p><b>A CONTAR A PARTIR DE 60KM A LAS AFUERAS DE M\u00c1LAGA<\/b><\/p>\n<p><b>0.6\u20ac\/Km, SOLO SE PAGA LA IDA<\/b><\/p>\n","protected":false},"excerpt":{"rendered":"<p><strong>Veh\u00edculos de variaci\u00f3n deportiva<\/strong><\/p>\n<p>Ejemplos: Alfa Romeo 4c, BMW M2, Audi RS3, Mercedes-Benz A45 AMG, Seat Leon Cupra\u2026<\/p>\n<p><b>TODOS LOS PRECIOS SON CON IVA INCLUIDO<\/b><\/p>\n<p><b>EL PRECIO DEL TRANSPORTE ES DE:<\/b><\/p>\n<p><b>A CONTAR A PARTIR DE 60KM A LAS AFUERAS DE M\u00c1LAGA<\/b><\/p>\n<p><b>0.6\u20ac\/Km, SOLO SE PAGA LA IDA<\/b><\/p>\n","protected":false},"featured_media":11252,"template":"","meta":[],"product_cat":[261],"product_tag":[],"class_list":{"0":"post-11251","1":"product","2":"type-product","3":"status-publish","4":"has-post-thumbnail","6":"product_cat-sin-categorizar","8":"first","9":"instock","10":"taxable","11":"shipping-taxable","12":"purchasable","13":"product-type-simple"},"acf":[],"jetpack_sharing_enabled":true,"_links":{"self":[{"href":"https:\/\/carverifies.com\/index.php?rest_route=\/wp\/v2\/product\/11251"}],"collection":[{"href":"https:\/\/carverifies.com\/index.php?rest_route=\/wp\/v2\/product"}],"about":[{"href":"https:\/\/carverifies.com\/index.php?rest_route=\/wp\/v2\/types\/product"}],"wp:featuredmedia":[{"embeddable":true,"href":"https:\/\/carverifies.com\/index.php?rest_route=\/wp\/v2\/media\/11252"}],"wp:attachment":[{"href":"https:\/\/carverifies.com\/index.php?rest_route=%2Fwp%2Fv2%2Fmedia&parent=11251"}],"wp:term":[{"taxonomy":"product_cat","embeddable":true,"href":"https:\/\/carverifies.com\/index.php?rest_route=%2Fwp%2Fv2%2Fproduct_cat&post=11251"},{"taxonomy":"product_tag","embeddable":true,"href":"https:\/\/carverifies.com\/index.php?rest_route=%2Fwp%2Fv2%2Fproduct_tag&post=11251"}],"curies":[{"name":"wp","href":"https:\/\/api.w.org\/{rel}","templated":true}]}}