{"id":2677,"date":"2017-02-11T07:18:32","date_gmt":"2017-02-11T07:18:32","guid":{"rendered":"http:\/\/themes.potenzaglobal.com\/cardealer\/?page_id=2677"},"modified":"2023-11-28T09:14:30","modified_gmt":"2023-11-28T09:14:30","slug":"terms-and-conditions","status":"publish","type":"page","link":"https:\/\/carverifies.com\/?page_id=2677","title":{"rendered":"T\u00e9rminos y Condiciones"},"content":{"rendered":"<section class=\"wpb-content-wrapper\"><p>[vc_row][vc_column]\t<div id=\"cd_space_69d6309b23c40\" class=\"cd-space cd-space-69d6309b23c48 \" style=\"clear:both; display:block;\"><\/div>\n\t<style type=\"text\/css\">#cd_space_69d6309b23c40{height:80px;}@media only screen and (max-width: 1200px){#cd_space_69d6309b23c40{ height:70px; } }@media only screen and (max-width: 992px) {#cd_space_69d6309b23c40{ height:60px; } }@media only screen and (max-width: 767px) {#cd_space_69d6309b23c40{ height:50px; } }@media only screen and (max-width: 479px) {#cd_space_69d6309b23c40{ height:40px; } }<\/style>\n\t\t<div class=\"section-title text-left style_1\">\n\t\t\t\t\t\t<span>Protegiendo su informaci\u00f3n personal<\/span>\n\t\t\t\t\t\t\t<h1>T\u00e9rminos y Condiciones<\/h1>\n\t\t\t\t\t\t\t<div class=\"separator\"><\/div>\n\t\t\t\t\t<\/div>\n\t[vc_column_text css=&#8221;.vc_custom_1701162792106{margin-bottom: 30px !important;}&#8221;]<\/p>\n<div>\u25cf Informar previamente al vendedor: en CarVerifies es muy importante tu colaboraci\u00f3n. Por ello, para poder realizar nuestro trabajo y verificar el correcto estado del veh\u00edculo que quieres comprar es imprescindible que avises al vendedor, ya que deseamos que la revisi\u00f3n del coche se lleve a cabo correctamente. Adem\u00e1s de este aviso al vendedor, \u00a0habr\u00e1s de recordarle que el veh\u00edculo debe contar con seguro obligatorio, acorde a lo dispuesto en el Art\u00edculo 2, del Real decreto 8\/2004, de 9 de Octubre, por el que se aprueba el Texto Refundido de la Ley sobre responsabilidad civil y seguro en la circulaci\u00f3n de veh\u00edculos a motor en vigor (en adelante, el \u201cSeguro Obligatorio\u201d) y carburante suficiente para la prueba de conducci\u00f3n. Son requisitos indispensables para el servicio que el vendedor haya sido informado y acepte la revisi\u00f3n, as\u00ed como el Seguro Obligatorio y el carburante.<\/div>\n<div><\/div>\n<div>\u25cf Si no se realiza la prueba de conducci\u00f3n: En caso de que el vendedor se niegue a que nuestro t\u00e9cnico realice la prueba de conducci\u00f3n, la revisi\u00f3n se considera realizada y, por lo tanto, no se realizar\u00e1 devoluci\u00f3n ninguna. De igual modo si el veh\u00edculo no cuenta con Seguro Obligatorio y\/o gasolina en el dep\u00f3sito. Cuidado con esto que son consumidores y tienen normativa especial de aplicaci\u00f3n. S\u00e9 que lo tiene NCH pero lo mirar\u00e9 con tranquilidad.<\/div>\n<div>En el caso de que se quiera programar la prueba de conducci\u00f3n en otro momento, el cliente deber\u00e1 asumir con el importe correspondiente a dicha prueba, siendo este del 30% del valor de la revisi\u00f3n.<\/div>\n<div><\/div>\n<div>\u25cf No se realiza la revisi\u00f3n: En caso de que el vendedor del veh\u00edculo se niegue a que nuestro t\u00e9cnico realice la revisi\u00f3n, se har\u00e1 una devoluci\u00f3n del importe de la revisi\u00f3n, rest\u00e1ndole a \u00e9sta el importe del transporte y 30\u20ac correspondientes a gastos de gesti\u00f3n.<\/div>\n<div><\/div>\n<div>\u25cf Quiero cancelar la revisi\u00f3n: \u00a0Ser\u00e1 devuelto el importe total menos 30\u20ac correspondientes a gastos de gesti\u00f3n, siempre y cuando la cancelaci\u00f3n se realice antes de las 24h anteriores a la revisi\u00f3n. Podr\u00e1 optar a un cup\u00f3n v\u00e1lido para usarse en otra revisi\u00f3n de la misma categor\u00eda de veh\u00edculo, teniendo \u00e9ste validez por 1 a\u00f1o.<\/div>\n<div><\/div>\n<div>\u25cf Si la revisi\u00f3n se cancela con menos de 24 horas de antelaci\u00f3n, se devolver\u00e1 el 50% del importe de la revisi\u00f3n. Podr\u00e1 optar a un cup\u00f3n v\u00e1lido para usarse en otra revisi\u00f3n de la misma categor\u00eda de veh\u00edculo, teniendo \u00e9ste validez por 1 a\u00f1o<\/div>\n<div><\/div>\n<div>\u25cf \u00bfCu\u00e1ndo recibo mi informe?: Una vez efectuada la revisi\u00f3n, nuestro t\u00e9cnico le enviar\u00e1 un informe con toda la informaci\u00f3n detallada, as\u00ed como fotos y v\u00eddeos recogidos en la misma revisi\u00f3n. Nuestros t\u00e9cnicos tienen un plazo m\u00e1ximo de 24 horas -poco plazo, cuidado con pillarte los dedos- \u00a0tras la revisi\u00f3n para enviarle dicha documentaci\u00f3n, adem\u00e1s recibir\u00e1 una llamada de entre 10 y 15 min para resolver todas tus dudas. El informe, as\u00ed como las fotos y videos, se env\u00edan en conjunto.<\/div>\n<div><\/div>\n<div>\u25cf Descuento al solicitar varias revisiones: Para una segunda revisi\u00f3n tendr\u00e1 un 15% de descuento, para terceras revisiones tendr\u00e1 un 20% de descuento. Para aplicarlos debes comunicarte directamente con nuestro equipo de atenci\u00f3n al cliente.<\/div>\n<div><\/div>\n<div>\u25cf Descuentos, cupones y promociones: Los descuentos realizados son intransferibles as\u00ed como los cupones. Descuentos no acumulables a promociones de temporales.<\/div>\n<p>[\/vc_column_text]\t<div id=\"cd_space_69d6309b23cb9\" class=\"cd-space cd-space-69d6309b23cbc \" style=\"clear:both; display:block;\"><\/div>\n\t<style type=\"text\/css\">#cd_space_69d6309b23cb9{height:80px;}@media only screen and (max-width: 1200px){#cd_space_69d6309b23cb9{ height:70px; } }@media only screen and (max-width: 992px) {#cd_space_69d6309b23cb9{ height:60px; } }@media only screen and (max-width: 767px) {#cd_space_69d6309b23cb9{ height:50px; } }@media only screen and (max-width: 479px) {#cd_space_69d6309b23cb9{ height:40px; } }<\/style>\n\t[\/vc_column][\/vc_row]<\/p>\n<\/section>","protected":false},"excerpt":{"rendered":"<p>[vc_row][vc_column][vc_column_text css=&#8221;.vc_custom_1701162792106{margin-bottom: 30px !important;}&#8221;] \u25cf Informar previamente al vendedor: en CarVerifies es muy importante tu colaboraci\u00f3n. Por ello, para poder realizar nuestro trabajo y verificar el correcto estado del veh\u00edculo que quieres comprar es imprescindible que avises al vendedor, ya que deseamos que la revisi\u00f3n del coche se lleve a cabo correctamente. Adem\u00e1s de este [&hellip;]<\/p>\n","protected":false},"author":1,"featured_media":0,"parent":0,"menu_order":0,"comment_status":"closed","ping_status":"closed","template":"templates\/page-vc_compatible.php","meta":{"footnotes":""},"class_list":["post-2677","page","type-page","status-publish","hentry"],"acf":[],"jetpack_sharing_enabled":true,"_links":{"self":[{"href":"https:\/\/carverifies.com\/index.php?rest_route=\/wp\/v2\/pages\/2677"}],"collection":[{"href":"https:\/\/carverifies.com\/index.php?rest_route=\/wp\/v2\/pages"}],"about":[{"href":"https:\/\/carverifies.com\/index.php?rest_route=\/wp\/v2\/types\/page"}],"author":[{"embeddable":true,"href":"https:\/\/carverifies.com\/index.php?rest_route=\/wp\/v2\/users\/1"}],"replies":[{"embeddable":true,"href":"https:\/\/carverifies.com\/index.php?rest_route=%2Fwp%2Fv2%2Fcomments&post=2677"}],"version-history":[{"count":2,"href":"https:\/\/carverifies.com\/index.php?rest_route=\/wp\/v2\/pages\/2677\/revisions"}],"predecessor-version":[{"id":11340,"href":"https:\/\/carverifies.com\/index.php?rest_route=\/wp\/v2\/pages\/2677\/revisions\/11340"}],"wp:attachment":[{"href":"https:\/\/carverifies.com\/index.php?rest_route=%2Fwp%2Fv2%2Fmedia&parent=2677"}],"curies":[{"name":"wp","href":"https:\/\/api.w.org\/{rel}","templated":true}]}}