{"id":2563,"date":"2017-02-10T09:50:22","date_gmt":"2017-02-10T09:50:22","guid":{"rendered":"http:\/\/themes.potenzaglobal.com\/cardealer\/?page_id=2563"},"modified":"2023-11-14T16:53:09","modified_gmt":"2023-11-14T16:53:09","slug":"service-01","status":"publish","type":"page","link":"https:\/\/carverifies.com\/?page_id=2563","title":{"rendered":"Servicios"},"content":{"rendered":"<section class=\"wpb-content-wrapper\"><p>[vc_row el_class=&#8221;box-border services-line&#8221;][vc_column]\t<div id=\"cd_space_69d6361eb3435\" class=\"cd-space cd-space-69d6361eb343c \" style=\"clear:both; display:block;\"><\/div>\n\t<style type=\"text\/css\">#cd_space_69d6361eb3435{height:80px;}@media only screen and (max-width: 1200px){#cd_space_69d6361eb3435{ height:70px; } }@media only screen and (max-width: 992px) {#cd_space_69d6361eb3435{ height:60px; } }@media only screen and (max-width: 767px) {#cd_space_69d6361eb3435{ height:50px; } }@media only screen and (max-width: 479px) {#cd_space_69d6361eb3435{ height:40px; } }<\/style>\n\t[vc_row_inner][vc_column_inner width=&#8221;1\/3&#8243;]\t<div id=\"cd_feature_box_69d6361eb3477\" class=\"feature-box feature-border style-4  default-feature no-image\">\n\t\t\t\t<div class=\"icon\">\n\t\t\t<i class=\"glyph-icon flaticon-car-2\"><\/i>\n\t\t<\/div>\n\t\t<div class=\"content\">\n\t\t\t<a  id=\"cd_feature_box_69d6361eb3477\">\n\t\t\t\t<h6>SUPER R\u00c1PIDOS<\/h6>\t\t\t<\/a>\n\t\t\t<p>Nuestra atenci\u00f3n al cliente es muy eficaz.<\/p>\t\t<\/div>\n\t<\/div>\n\t[\/vc_column_inner][vc_column_inner width=&#8221;1\/3&#8243;]\t<div id=\"cd_feature_box_69d6361eb34d8\" class=\"feature-box feature-border style-4  default-feature no-image\">\n\t\t\t\t<div class=\"icon\">\n\t\t\t<i class=\"glyph-icon flaticon-wallet\"><\/i>\n\t\t<\/div>\n\t\t<div class=\"content\">\n\t\t\t<a  id=\"cd_feature_box_69d6361eb34d8\">\n\t\t\t\t<h6>NUESTRA PRIORIDAD<\/h6>\t\t\t<\/a>\n\t\t\t<p>Nuestra prioridad es tu comodidad.<\/p>\t\t<\/div>\n\t<\/div>\n\t[\/vc_column_inner][vc_column_inner width=&#8221;1\/3&#8243;]\t<div id=\"cd_feature_box_69d6361eb3513\" class=\"feature-box feature-border style-4  default-feature no-image\">\n\t\t\t\t<div class=\"icon\">\n\t\t\t<i class=\"glyph-icon flaticon-gas-station\"><\/i>\n\t\t<\/div>\n\t\t<div class=\"content\">\n\t\t\t<a  id=\"cd_feature_box_69d6361eb3513\">\n\t\t\t\t<h6>EXPERIENCIA<\/h6>\t\t\t<\/a>\n\t\t\t<p>Experiencia durante a\u00f1os tanto en la reparaci\u00f3n, revisi\u00f3n e inspecci\u00f3n.<\/p>\t\t<\/div>\n\t<\/div>\n\t[\/vc_column_inner][\/vc_row_inner][vc_row_inner][vc_column_inner width=&#8221;1\/3&#8243;]\t<div id=\"cd_feature_box_69d6361eb353d\" class=\"feature-box feature-border style-4  default-feature no-image\">\n\t\t\t\t<div class=\"icon\">\n\t\t\t<i class=\"glyph-icon flaticon-air-conditioning\"><\/i>\n\t\t<\/div>\n\t\t<div class=\"content\">\n\t\t\t<a  id=\"cd_feature_box_69d6361eb353d\">\n\t\t\t\t<h6>CONFIANZA<\/h6>\t\t\t<\/a>\n\t\t\t<p>Nos tomamos en serio nuestros servicios y nos ganamos su confianza.<\/p>\t\t<\/div>\n\t<\/div>\n\t[\/vc_column_inner][vc_column_inner width=&#8221;1\/3&#8243;]\t<div id=\"cd_feature_box_69d6361eb3564\" class=\"feature-box feature-border style-4  default-feature no-image\">\n\t\t\t\t<div class=\"icon\">\n\t\t\t<i class=\"glyph-icon flaticon-gearstick\"><\/i>\n\t\t<\/div>\n\t\t<div class=\"content\">\n\t\t\t<a  id=\"cd_feature_box_69d6361eb3564\">\n\t\t\t\t<h6>SOPORTE GRATUITO<\/h6>\t\t\t<\/a>\n\t\t\t<p>Cont\u00e1ctenos le Ayudamos.<\/p>\t\t<\/div>\n\t<\/div>\n\t[\/vc_column_inner][vc_column_inner width=&#8221;1\/3&#8243;]\t<div id=\"cd_feature_box_69d6361eb3587\" class=\"feature-box feature-border style-4  default-feature no-image\">\n\t\t\t\t<div class=\"icon\">\n\t\t\t<i class=\"glyph-icon flaticon-key\"><\/i>\n\t\t<\/div>\n\t\t<div class=\"content\">\n\t\t\t<a  id=\"cd_feature_box_69d6361eb3587\">\n\t\t\t\t<h6>PRECIOS ASEQUIBLES<\/h6>\t\t\t<\/a>\n\t\t\t<p>Los mejores precios del Mercado.<\/p>\t\t<\/div>\n\t<\/div>\n\t[\/vc_column_inner][\/vc_row_inner]\t<div id=\"cd_space_69d6361eb35a6\" class=\"cd-space cd-space-69d6361eb35a9 \" style=\"clear:both; display:block;\"><\/div>\n\t<style type=\"text\/css\">#cd_space_69d6361eb35a6{height:80px;}@media only screen and (max-width: 1200px){#cd_space_69d6361eb35a6{ height:70px; } }@media only screen and (max-width: 992px) {#cd_space_69d6361eb35a6{ height:60px; } }@media only screen and (max-width: 767px) {#cd_space_69d6361eb35a6{ height:50px; } }@media only screen and (max-width: 479px) {#cd_space_69d6361eb35a6{ height:40px; } }<\/style>\n\t[\/vc_column][\/vc_row][vc_row full_width=&#8221;stretch_row&#8221; cd_bg_type=&#8221;row-background-dark&#8221; cd_overlay_opacity=&#8221;70&#8243; cd_enable_overlay=&#8221;true&#8221; css=&#8221;.vc_custom_1639984112578{background-image: url(https:\/\/carverifies.com\/wp-content\/uploads\/2021\/07\/placeholder_1920x800.jpg?id=7591) !important;}&#8221; cd_overlay_color=&#8221;#000000&#8243;][vc_column]\t<div id=\"cd_space_69d6361eb35b7\" class=\"cd-space cd-space-69d6361eb35b8 \" style=\"clear:both; display:block;\"><\/div>\n\t<style type=\"text\/css\">#cd_space_69d6361eb35b7{height:80px;}@media only screen and (max-width: 1200px){#cd_space_69d6361eb35b7{ height:70px; } }@media only screen and (max-width: 992px) {#cd_space_69d6361eb35b7{ height:60px; } }@media only screen and (max-width: 767px) {#cd_space_69d6361eb35b7{ height:50px; } }@media only screen and (max-width: 479px) {#cd_space_69d6361eb35b7{ height:40px; } }<\/style>\n\t[vc_row_inner][vc_column_inner width=&#8221;1\/2&#8243; offset=&#8221;vc_col-lg-3 vc_col-md-3&#8243;]\t\t<div class=\"counter clearfix counter-style-4 vc_custom_1699978727783 left-separator\">\n\t\t\t<div class=\"separator\"><\/div>\n\t\t\t<div class=\"info\">\n\t\t\t\t<h6>Coches Revisados<\/h6>\n\t\t\t\t<i class=\"glyph-icon flaticon-beetle\"><\/i>\n\t\t\t\t<b class=\"timer\" data-to=\"561\" data-speed=\"10000\"><\/b>\n\t\t\t<\/div>\n\t\t<\/div>\n\t\t[\/vc_column_inner][vc_column_inner width=&#8221;1\/2&#8243; offset=&#8221;vc_col-lg-3 vc_col-md-3&#8243;]\t\t<div class=\"counter clearfix counter-style-4 vc_custom_1699978756342 left-separator\">\n\t\t\t<div class=\"separator\"><\/div>\n\t\t\t<div class=\"info\">\n\t\t\t\t<h6>Pruebas satisfactorias<\/h6>\n\t\t\t\t<i class=\"glyph-icon flaticon-interface\"><\/i>\n\t\t\t\t<b class=\"timer\" data-to=\"856\" data-speed=\"10000\"><\/b>\n\t\t\t<\/div>\n\t\t<\/div>\n\t\t[\/vc_column_inner][vc_column_inner width=&#8221;1\/2&#8243; offset=&#8221;vc_col-lg-3 vc_col-md-3&#8243;]\t\t<div class=\"counter clearfix counter-style-4 vc_custom_1699978775894 left-separator\">\n\t\t\t<div class=\"separator\"><\/div>\n\t\t\t<div class=\"info\">\n\t\t\t\t<h6>Clientes Felices<\/h6>\n\t\t\t\t<i class=\"glyph-icon flaticon-circle\"><\/i>\n\t\t\t\t<b class=\"timer\" data-to=\"789\" data-speed=\"10000\"><\/b>\n\t\t\t<\/div>\n\t\t<\/div>\n\t\t[\/vc_column_inner][vc_column_inner width=&#8221;1\/2&#8243; offset=&#8221;vc_col-lg-3 vc_col-md-3&#8243;]\t\t<div class=\"counter clearfix counter-style-4 vc_custom_1699978802448 left-separator\">\n\t\t\t<div class=\"separator\"><\/div>\n\t\t\t<div class=\"info\">\n\t\t\t\t<h6>Resultados satisfactorios<\/h6>\n\t\t\t\t<i class=\"glyph-icon flaticon-cup\"><\/i>\n\t\t\t\t<b class=\"timer\" data-to=\"356\" data-speed=\"10000\"><\/b>\n\t\t\t<\/div>\n\t\t<\/div>\n\t\t[\/vc_column_inner][\/vc_row_inner]\t<div id=\"cd_space_69d6361eb361a\" class=\"cd-space cd-space-69d6361eb361b \" style=\"clear:both; display:block;\"><\/div>\n\t<style type=\"text\/css\">#cd_space_69d6361eb361a{height:50px;}@media only screen and (max-width: 1200px){#cd_space_69d6361eb361a{ height:40px; } }@media only screen and (max-width: 992px) {#cd_space_69d6361eb361a{ height:30px; } }@media only screen and (max-width: 767px) {#cd_space_69d6361eb361a{ height:20px; } }@media only screen and (max-width: 479px) {#cd_space_69d6361eb361a{ height:10px; } }<\/style>\n\t[\/vc_column][\/vc_row][vc_row][vc_column]\t<div id=\"cd_space_69d6361eb3626\" class=\"cd-space cd-space-69d6361eb3627 \" style=\"clear:both; display:block;\"><\/div>\n\t<style type=\"text\/css\">#cd_space_69d6361eb3626{height:80px;}@media only screen and (max-width: 1200px){#cd_space_69d6361eb3626{ height:70px; } }@media only screen and (max-width: 992px) {#cd_space_69d6361eb3626{ height:60px; } }@media only screen and (max-width: 767px) {#cd_space_69d6361eb3626{ height:50px; } }@media only screen and (max-width: 479px) {#cd_space_69d6361eb3626{ height:40px; } }<\/style>\n\t\t<div class=\"section-title text-center style_1\">\n\t\t\t\t\t\t<span>Esto es lo que hacemos y lo hacemos perfectamente.<\/span>\n\t\t\t\t\t\t\t<h2>Algunos de los servicios que realizamos<\/h2>\n\t\t\t\t\t\t\t<div class=\"separator\"><\/div>\n\t\t\t\t\t<\/div>\n\t[vc_gallery interval=&#8221;3&#8243; images=&#8221;11308,11309,11310,11311,11312,11313,11314,11315,11316,11317,11318,11319&#8243; img_size=&#8221;800&#215;600&#8243;]\t<div id=\"cd_space_69d6361eb3646\" class=\"cd-space cd-space-69d6361eb3647 \" style=\"clear:both; display:block;\"><\/div>\n\t<style type=\"text\/css\">#cd_space_69d6361eb3646{height:50px;}@media only screen and (max-width: 1200px){#cd_space_69d6361eb3646{ height:40px; } }@media only screen and (max-width: 992px) {#cd_space_69d6361eb3646{ height:30px; } }@media only screen and (max-width: 767px) {#cd_space_69d6361eb3646{ height:20px; } }@media only screen and (max-width: 479px) {#cd_space_69d6361eb3646{ height:10px; } }<\/style>\n\t[\/vc_column][\/vc_row][vc_row full_width=&#8221;stretch_row_content_no_spaces&#8221;][vc_column][vc_separator color=&#8221;custom&#8221; accent_color=&#8221;#dedede&#8221;]\t<div id=\"cd_space_69d6361eb3651\" class=\"cd-space cd-space-69d6361eb3652 \" style=\"clear:both; display:block;\"><\/div>\n\t<style type=\"text\/css\">#cd_space_69d6361eb3651{height:80px;}@media only screen and (max-width: 1200px){#cd_space_69d6361eb3651{ height:70px; } }@media only screen and (max-width: 992px) {#cd_space_69d6361eb3651{ height:60px; } }@media only screen and (max-width: 767px) {#cd_space_69d6361eb3651{ height:50px; } }@media only screen and (max-width: 479px) {#cd_space_69d6361eb3651{ height:40px; } }<\/style>\n\t[\/vc_column][\/vc_row][vc_row][vc_column]\t<div class=\"section-title text-center style_1\">\n\t\t\t\t\t\t<span>Esto es lo que hacemos y lo hacemos perfectamente.<\/span>\n\t\t\t\t\t\t\t<h2>HORARIO DE SERVICIO<\/h2>\n\t\t\t\t\t\t\t<div class=\"separator\"><\/div>\n\t\t\t\t\t<\/div>\n\t[vc_row_inner][vc_column_inner width=&#8221;2\/3&#8243;][vc_column_text]\n<div class=\"wpcf7 no-js\" id=\"wpcf7-f2736-o1\" lang=\"en-US\" dir=\"ltr\">\n<div class=\"screen-reader-response\"><p role=\"status\" aria-live=\"polite\" aria-atomic=\"true\"><\/p> <ul><\/ul><\/div>\n<form action=\"\/index.php?rest_route=%2Fwp%2Fv2%2Fpages%2F2563#wpcf7-f2736-o1\" method=\"post\" class=\"wpcf7-form init form-horizontal\" aria-label=\"Contact form\" novalidate=\"novalidate\" data-status=\"init\">\n<div style=\"display: none;\">\n<input type=\"hidden\" name=\"_wpcf7\" value=\"2736\" \/>\n<input type=\"hidden\" name=\"_wpcf7_version\" value=\"5.9.8\" \/>\n<input type=\"hidden\" name=\"_wpcf7_locale\" value=\"en_US\" \/>\n<input type=\"hidden\" name=\"_wpcf7_unit_tag\" value=\"wpcf7-f2736-o1\" \/>\n<input type=\"hidden\" name=\"_wpcf7_container_post\" value=\"0\" \/>\n<input type=\"hidden\" name=\"_wpcf7_posted_data_hash\" value=\"\" \/>\n<input type=\"hidden\" name=\"cdhl_skip_fields\" value=\"\" \/>\n<\/div>\n<div class=\"contact-form row\">\n\t<div class=\"col-lg-4 col-md-4\">\n\t\t<div class=\"form-group\">\n\t\t\t<p><span class=\"wpcf7-form-control-wrap\" data-name=\"your-name\"><input size=\"40\" maxlength=\"400\" class=\"wpcf7-form-control wpcf7-text wpcf7-validates-as-required form-control\" aria-required=\"true\" aria-invalid=\"false\" placeholder=\"Nombre*\" value=\"\" type=\"text\" name=\"your-name\" \/><\/span>\n\t\t\t<\/p>\n\t\t<\/div>\n\t<\/div>\n\t<div class=\"col-lg-4 col-md-4\">\n\t\t<div class=\"form-group\">\n\t\t\t<p><span class=\"wpcf7-form-control-wrap\" data-name=\"email\"><input size=\"40\" maxlength=\"400\" class=\"wpcf7-form-control wpcf7-email wpcf7-validates-as-required wpcf7-text wpcf7-validates-as-email form-control\" aria-required=\"true\" aria-invalid=\"false\" placeholder=\"Email*\" value=\"\" type=\"email\" name=\"email\" \/><\/span>\n\t\t\t<\/p>\n\t\t<\/div>\n\t<\/div>\n\t<div class=\"col-lg-4 col-md-4\">\n\t\t<div class=\"form-group\">\n\t\t\t<p><span class=\"wpcf7-form-control-wrap\" data-name=\"phone\"><input size=\"40\" maxlength=\"400\" class=\"wpcf7-form-control wpcf7-text wpcf7-validates-as-required form-control input-message\" aria-required=\"true\" aria-invalid=\"false\" placeholder=\"Tel\u00e9fono*\" value=\"\" type=\"text\" name=\"phone\" \/><\/span>\n\t\t\t<\/p>\n\t\t<\/div>\n\t<\/div>\n\t<div class=\"col-lg-12 col-md-12\">\n\t\t<div class=\"form-group\">\n\t\t\t<p><span class=\"wpcf7-form-control-wrap\" data-name=\"comment\"><textarea cols=\"40\" rows=\"10\" maxlength=\"2000\" class=\"wpcf7-form-control wpcf7-textarea wpcf7-validates-as-required form-control\" aria-required=\"true\" aria-invalid=\"false\" placeholder=\"Comentarios*\" name=\"comment\"><\/textarea><\/span>\n\t\t\t<\/p>\n\t\t<\/div>\n\t<\/div>\n\t<div class=\"col-lg-12 col-md-12\">\n\t\t<p><input class=\"wpcf7-form-control wpcf7-submit has-spinner button red btn-full\" type=\"submit\" value=\"Enviar\" \/>\n\t\t<\/p>\n\t<\/div>\n<\/div><div class=\"wpcf7-response-output\" aria-hidden=\"true\"><\/div>\n<\/form>\n<\/div>\n[\/vc_column_text][\/vc_column_inner][vc_column_inner width=&#8221;1\/3&#8243;]\t<div class=\"opening-hours gray-bg\">\n\t\t<h6>Horario de apertura<\/h6>\n\t\t<ul class=\"list-style-none\">\n\t\t\t<li>\n\t\t\t\t<strong>Lunes<\/strong>\n\t\t\t\t\t\t\t\t\t<span>9:00 AM to 9:00 PM<\/span>\n\t\t\t\t\t\t\t\t<\/li>\n\t\t\t<li>\n\t\t\t\t<strong>Martes<\/strong>\n\t\t\t\t\t\t\t\t\t<span>9:00 AM to 9:00 PM<\/span>\n\t\t\t\t\t\t\t\t<\/li>\n\t\t\t<li>\n\t\t\t\t<strong>Mi\u00e9rcoles<\/strong>\n\t\t\t\t\t\t\t\t\t<span>9:00 AM to 9:00 PM<\/span>\n\t\t\t\t\t\t\t\t<\/li>\n\t\t\t<li>\n\t\t\t\t<strong>Jueves<\/strong>\n\t\t\t\t\t\t\t\t\t<span>9:00 AM to 9:00 PM<\/span>\n\t\t\t\t\t\t\t\t<\/li>\n\t\t\t<li>\n\t\t\t\t<strong>Viernes<\/strong>\n\t\t\t\t\t\t\t\t\t<span>9:00 AM to 9:00 PM<\/span>\n\t\t\t\t\t\t\t\t<\/li>\n\t\t\t<li>\n\t\t\t\t<strong>S\u00e1bado<\/strong>\n\t\t\t\t\t\t\t\t\t<span>9:00 AM to 9:00 PM<\/span>\n\t\t\t\t\t\t\t\t<\/li>\n\t\t\t<li>\n\t\t\t\t<strong>Domingo<\/strong>\n\t\t\t\t\t\t\t\t\t<span>closed<\/span>\n\t\t\t\t\t\t\t\t<\/li>\n\t\t<\/ul>\n\t<\/div>\n\t[\/vc_column_inner][\/vc_row_inner]\t<div id=\"cd_space_69d6361eb88e2\" class=\"cd-space cd-space-69d6361eb88e6 \" style=\"clear:both; display:block;\"><\/div>\n\t<style type=\"text\/css\">#cd_space_69d6361eb88e2{height:80px;}@media only screen and (max-width: 1200px){#cd_space_69d6361eb88e2{ height:70px; } }@media only screen and (max-width: 992px) {#cd_space_69d6361eb88e2{ height:60px; } }@media only screen and (max-width: 767px) {#cd_space_69d6361eb88e2{ height:50px; } }@media only screen and (max-width: 479px) {#cd_space_69d6361eb88e2{ height:40px; } }<\/style>\n\t[\/vc_column][\/vc_row]<\/p>\n<\/section>","protected":false},"excerpt":{"rendered":"<p>[vc_row el_class=&#8221;box-border services-line&#8221;][vc_column][vc_row_inner][vc_column_inner width=&#8221;1\/3&#8243;][\/vc_column_inner][vc_column_inner width=&#8221;1\/3&#8243;][\/vc_column_inner][vc_column_inner width=&#8221;1\/3&#8243;][\/vc_column_inner][\/vc_row_inner][vc_row_inner][vc_column_inner width=&#8221;1\/3&#8243;][\/vc_column_inner][vc_column_inner width=&#8221;1\/3&#8243;][\/vc_column_inner][vc_column_inner width=&#8221;1\/3&#8243;][\/vc_column_inner][\/vc_row_inner][\/vc_column][\/vc_row][vc_row full_width=&#8221;stretch_row&#8221; cd_bg_type=&#8221;row-background-dark&#8221; cd_overlay_opacity=&#8221;70&#8243; cd_enable_overlay=&#8221;true&#8221; css=&#8221;.vc_custom_1639984112578{background-image: url(https:\/\/carverifies.com\/wp-content\/uploads\/2021\/07\/placeholder_1920x800.jpg?id=7591) !important;}&#8221; cd_overlay_color=&#8221;#000000&#8243;][vc_column][vc_row_inner][vc_column_inner width=&#8221;1\/2&#8243; offset=&#8221;vc_col-lg-3 vc_col-md-3&#8243;][\/vc_column_inner][vc_column_inner width=&#8221;1\/2&#8243; offset=&#8221;vc_col-lg-3 vc_col-md-3&#8243;][\/vc_column_inner][vc_column_inner width=&#8221;1\/2&#8243; offset=&#8221;vc_col-lg-3 vc_col-md-3&#8243;][\/vc_column_inner][vc_column_inner width=&#8221;1\/2&#8243; offset=&#8221;vc_col-lg-3 vc_col-md-3&#8243;][\/vc_column_inner][\/vc_row_inner][\/vc_column][\/vc_row][vc_row][vc_column][vc_gallery interval=&#8221;3&#8243; images=&#8221;11308,11309,11310,11311,11312,11313,11314,11315,11316,11317,11318,11319&#8243; img_size=&#8221;800&#215;600&#8243;][\/vc_column][\/vc_row][vc_row full_width=&#8221;stretch_row_content_no_spaces&#8221;][vc_column][vc_separator color=&#8221;custom&#8221; accent_color=&#8221;#dedede&#8221;][\/vc_column][\/vc_row][vc_row][vc_column][vc_row_inner][vc_column_inner width=&#8221;2\/3&#8243;][vc_column_text][\/vc_column_text][\/vc_column_inner][vc_column_inner width=&#8221;1\/3&#8243;][\/vc_column_inner][\/vc_row_inner][\/vc_column][\/vc_row]<\/p>\n","protected":false},"author":1,"featured_media":0,"parent":0,"menu_order":0,"comment_status":"closed","ping_status":"closed","template":"templates\/page-vc_compatible.php","meta":{"footnotes":""},"class_list":["post-2563","page","type-page","status-publish","hentry"],"acf":[],"jetpack_sharing_enabled":true,"_links":{"self":[{"href":"https:\/\/carverifies.com\/index.php?rest_route=\/wp\/v2\/pages\/2563"}],"collection":[{"href":"https:\/\/carverifies.com\/index.php?rest_route=\/wp\/v2\/pages"}],"about":[{"href":"https:\/\/carverifies.com\/index.php?rest_route=\/wp\/v2\/types\/page"}],"author":[{"embeddable":true,"href":"https:\/\/carverifies.com\/index.php?rest_route=\/wp\/v2\/users\/1"}],"replies":[{"embeddable":true,"href":"https:\/\/carverifies.com\/index.php?rest_route=%2Fwp%2Fv2%2Fcomments&post=2563"}],"version-history":[{"count":8,"href":"https:\/\/carverifies.com\/index.php?rest_route=\/wp\/v2\/pages\/2563\/revisions"}],"predecessor-version":[{"id":11322,"href":"https:\/\/carverifies.com\/index.php?rest_route=\/wp\/v2\/pages\/2563\/revisions\/11322"}],"wp:attachment":[{"href":"https:\/\/carverifies.com\/index.php?rest_route=%2Fwp%2Fv2%2Fmedia&parent=2563"}],"curies":[{"name":"wp","href":"https:\/\/api.w.org\/{rel}","templated":true}]}}