{"id":11092,"date":"2021-12-20T13:38:17","date_gmt":"2021-12-20T13:38:17","guid":{"rendered":"http:\/\/localhost\/cardealer\/?page_id=11083"},"modified":"2023-11-15T10:22:32","modified_gmt":"2023-11-15T10:22:32","slug":"about-1","status":"publish","type":"page","link":"https:\/\/carverifies.com\/?page_id=11092","title":{"rendered":"Nosotros"},"content":{"rendered":"<section class=\"wpb-content-wrapper\"><p>[vc_row][vc_column]\t<div id=\"cd_space_69d652b14db20\" class=\"cd-space cd-space-69d652b14db27 \" style=\"clear:both; display:block;\"><\/div>\n\t<style type=\"text\/css\">#cd_space_69d652b14db20{height:80px;}@media only screen and (max-width: 1200px){#cd_space_69d652b14db20{ height:70px; } }@media only screen and (max-width: 992px) {#cd_space_69d652b14db20{ height:60px; } }@media only screen and (max-width: 767px) {#cd_space_69d652b14db20{ height:50px; } }@media only screen and (max-width: 479px) {#cd_space_69d652b14db20{ height:40px; } }<\/style>\n\t\t<div class=\"section-title text-center style_1\">\n\t\t\t\t\t\t<span>Bienvenidos a<\/span>\n\t\t\t\t\t\t\t<h1>Expertos en Revisi\u00f3n con Tecnolog\u00eda de Vanguardia<\/h1>\n\t\t\t\t\t\t\t<div class=\"separator\"><\/div>\n\t\t\t\t\t\t\t\t<p>En <strong>CarVerifies<\/strong>, no solo contamos con un equipo altamente capacitado, sino tambi\u00e9n con la tecnolog\u00eda m\u00e1s avanzada para garantizar una revisi\u00f3n exhaustiva de tu coche de segunda mano. Nuestra maquinaria espec\u00edfica nos permite comprobar el estado de la chapa, detectar posibles manipulaciones en el kilometraje y evaluar a fondo el funcionamiento de los sistemas clave. Confiar en nuestra experiencia y tecnolog\u00eda es la mejor manera de asegurarte de que est\u00e1s tomando una decisi\u00f3n informada al comprar un veh\u00edculo usado.<\/p>\n\t\t\t\t\t<\/div>\n\t[vc_row_inner][vc_column_inner offset=&#8221;vc_col-lg-6 vc_col-md-6&#8243; css=&#8221;.vc_custom_1486703717203{margin-bottom: 30px !important;}&#8221;]\t\t<div class='owl-carousel'\n\t\tdata-nav-arrow='true'\n\t\tdata-nav-dots='false'\n\t\tdata-md-items='1'\n\t\tdata-sm-items='1'\n\t\tdata-xs-items='1'\n\t\tdata-xx-items='1'\n\t\tdata-space='0'\n\t\tdata-autoplay='true'\n\t\tdata-loop='false'\n\t\tdata-lazyLoad=''>\n\n\t\t\t\t\t\t\t<div class=\"item\">\n\t\t\t\t\t\t\t\t\t\t\t<img decoding=\"async\" class=\"center-block\" src=\"https:\/\/carverifies.com\/wp-content\/uploads\/2023\/06\/galeria01.jpg\" alt=\"\">\n\t\t\t\t\t\t\t\t\t<\/div>\n\t\t\t\t\t\t\t\t<div class=\"item\">\n\t\t\t\t\t\t\t\t\t\t\t<img decoding=\"async\" class=\"center-block\" src=\"https:\/\/carverifies.com\/wp-content\/uploads\/2023\/06\/galeria02.jpg\" alt=\"\">\n\t\t\t\t\t\t\t\t\t<\/div>\n\t\t\t\t\t\t\t\t<div class=\"item\">\n\t\t\t\t\t\t\t\t\t\t\t<img decoding=\"async\" class=\"center-block\" src=\"https:\/\/carverifies.com\/wp-content\/uploads\/2023\/06\/galeria03.jpg\" alt=\"\">\n\t\t\t\t\t\t\t\t\t<\/div>\n\t\t\t\t\n\t\t<\/div>\n\t\t[\/vc_column_inner][vc_column_inner offset=&#8221;vc_col-lg-6 vc_col-md-6&#8243; css=&#8221;.vc_custom_1486703728748{margin-bottom: 30px !important;}&#8221;][vc_column_text]<\/p>\n<h5>Comodidad y Tranquilidad para Nuestros Clientes<\/h5>\n<p>Simplificamos el proceso para que pueda tomar una decisi\u00f3n informada y segura al adquirir su veh\u00edculo usado. En <strong>CarVerifies<\/strong> comprendemos lo agotador que puede ser tener que desplazarse a diferentes ubicaciones para revisar un coche de segunda mano. Es por eso que ofrecemos un servicio completo a domicilio.<\/p>\n<p>Nuestros expertos se desplazar\u00e1n hasta el lugar donde se encuentre el veh\u00edculo para realizar una inspecci\u00f3n detallada. T\u00fa solo tienes que sentarte y esperar el informe completo de la revisi\u00f3n.<\/p>\n<p>Gracias a <strong>CarVerifies<\/strong>, puedes despreocuparte de los inconvenientes y disfrutar de la comodidad mientras tomamos el cuidado de garantizar la calidad de tu futura adquisici\u00f3n.[\/vc_column_text][\/vc_column_inner][\/vc_row_inner]\t<div id=\"cd_space_69d652b14e1d6\" class=\"cd-space cd-space-69d652b14e1da \" style=\"clear:both; display:block;\"><\/div>\n\t<style type=\"text\/css\">#cd_space_69d652b14e1d6{height:20px;}@media only screen and (max-width: 1200px){#cd_space_69d652b14e1d6{ height:20px; } }@media only screen and (max-width: 992px) {#cd_space_69d652b14e1d6{ height:20px; } }@media only screen and (max-width: 767px) {#cd_space_69d652b14e1d6{ height:20px; } }@media only screen and (max-width: 479px) {#cd_space_69d652b14e1d6{ height:20px; } }<\/style>\n\t[vc_row_inner][vc_column_inner width=&#8221;1\/2&#8243; css=&#8221;.vc_custom_1486703752853{margin-bottom: 30px !important;}&#8221; offset=&#8221;vc_col-lg-3 vc_col-md-3&#8243;]\t<div id=\"cd_feature_box_69d652b14e1f5\" class=\"feature-box feature-border style-7  round-border box-hover no-image\">\n\t\t\t\t<div class=\"icon\">\n\t\t\t<i class=\"glyph-icon flaticon-beetle\"><\/i>\n\t\t<\/div>\n\t\t<div class=\"content\">\n\t\t\t<a  id=\"cd_feature_box_69d652b14e1f5\">\n\t\t\t\t<h6>TODAS LAS MARCAS<\/h6>\t\t\t<\/a>\n\t\t\t<p>Revisamos cualquier veh\u00edculo<\/p>\t\t<\/div>\n\t<\/div>\n\t[\/vc_column_inner][vc_column_inner width=&#8221;1\/2&#8243; css=&#8221;.vc_custom_1486703762819{margin-bottom: 30px !important;}&#8221; offset=&#8221;vc_col-lg-3 vc_col-md-3&#8243;]\t<div id=\"cd_feature_box_69d652b14e23d\" class=\"feature-box feature-border style-7  round-border box-hover no-image\">\n\t\t\t\t<div class=\"icon\">\n\t\t\t<i class=\"glyph-icon flaticon-interface-1\"><\/i>\n\t\t<\/div>\n\t\t<div class=\"content\">\n\t\t\t<a  id=\"cd_feature_box_69d652b14e23d\">\n\t\t\t\t<h6>SOPORTE GRATUITO<\/h6>\t\t\t<\/a>\n\t\t\t<p>Cont\u00e1ctenos, debe saber que le Ayudamos<\/p>\t\t<\/div>\n\t<\/div>\n\t[\/vc_column_inner][vc_column_inner width=&#8221;1\/2&#8243; css=&#8221;.vc_custom_1486703775862{margin-bottom: 30px !important;}&#8221; offset=&#8221;vc_col-lg-3 vc_col-md-3&#8243;]\t<div id=\"cd_feature_box_69d652b14e258\" class=\"feature-box feature-border style-7  round-border box-hover no-image\">\n\t\t\t\t<div class=\"icon\">\n\t\t\t<i class=\"glyph-icon flaticon-key\"><\/i>\n\t\t<\/div>\n\t\t<div class=\"content\">\n\t\t\t<a  id=\"cd_feature_box_69d652b14e258\">\n\t\t\t\t<h6>CONCESIONARIOS<\/h6>\t\t\t<\/a>\n\t\t\t<p>Veh\u00edculos de Segunda Mano<\/p>\t\t<\/div>\n\t<\/div>\n\t[\/vc_column_inner][vc_column_inner width=&#8221;1\/2&#8243; css=&#8221;.vc_custom_1486703787951{margin-bottom: 30px !important;}&#8221; offset=&#8221;vc_col-lg-3 vc_col-md-3&#8243;]\t<div id=\"cd_feature_box_69d652b14e26f\" class=\"feature-box feature-border style-7  round-border box-hover no-image\">\n\t\t\t\t<div class=\"icon\">\n\t\t\t<i class=\"glyph-icon flaticon-wallet\"><\/i>\n\t\t<\/div>\n\t\t<div class=\"content\">\n\t\t\t<a  id=\"cd_feature_box_69d652b14e26f\">\n\t\t\t\t<h6>EL MEJOR PRECIO<\/h6>\t\t\t<\/a>\n\t\t\t<p>Los mejores precios del Mercado<\/p>\t\t<\/div>\n\t<\/div>\n\t[\/vc_column_inner][\/vc_row_inner]\t<div id=\"cd_space_69d652b14e283\" class=\"cd-space cd-space-69d652b14e285 \" style=\"clear:both; display:block;\"><\/div>\n\t<style type=\"text\/css\">#cd_space_69d652b14e283{height:50px;}@media only screen and (max-width: 1200px){#cd_space_69d652b14e283{ height:50px; } }@media only screen and (max-width: 992px) {#cd_space_69d652b14e283{ height:50px; } }@media only screen and (max-width: 767px) {#cd_space_69d652b14e283{ height:50px; } }@media only screen and (max-width: 479px) {#cd_space_69d652b14e283{ height:40px; } }<\/style>\n\t[\/vc_column][\/vc_row][vc_row full_width=&#8221;stretch_row_content_no_spaces&#8221;][vc_column][vc_separator color=&#8221;custom&#8221; accent_color=&#8221;#dedede&#8221;]\t<div id=\"cd_space_69d652b14e292\" class=\"cd-space cd-space-69d652b14e293 \" style=\"clear:both; display:block;\"><\/div>\n\t<style type=\"text\/css\">#cd_space_69d652b14e292{height:80px;}@media only screen and (max-width: 1200px){#cd_space_69d652b14e292{ height:70px; } }@media only screen and (max-width: 992px) {#cd_space_69d652b14e292{ height:60px; } }@media only screen and (max-width: 767px) {#cd_space_69d652b14e292{ height:50px; } }@media only screen and (max-width: 479px) {#cd_space_69d652b14e292{ height:40px; } }<\/style>\n\t[\/vc_column][\/vc_row][vc_row][vc_column]\t<div class=\"section-title text-center style_1\">\n\t\t\t\t\t\t<span>Con m\u00e1s de 10 a\u00f1os de experiencia en la revisi\u00f3n de veh\u00edculos de segunda mano<\/span>\n\t\t\t\t\t\t\t<h1>nuestra historia<\/h1>\n\t\t\t\t\t\t\t<div class=\"separator\"><\/div>\n\t\t\t\t\t<\/div>\n\t\t<div id=\"cd_timeline-cd_timeline_69d652b14e2b1\" class=\"cd_timeline cd_timeline-vertical our-history\">\n\t\t<ul class=\"timeline list-style-none\">\n\t\t\t\t\t\t\t\t<li class=\"timeline-item timeline-item-odd\" data-pre_hover_color=\"#363636\" data-hover_color=\"#ffffff\">\n\t\t\t\t\t\t<div class=\"timeline-badge\"><h4>1<\/h4><\/div>\n\t\t\t\t\t\t<div class=\"timeline-panel\">\n\t\t\t\t\t\t\t<div class=\"timeline-heading\">\n\t\t\t\t\t\t\t\t\t\t\t\t\t\t\t\t\t<h5 class=\"timeline-title\" style=\"color:#363636\">El comienzo<\/h5>\n\t\t\t\t\t\t\t\t\t\t\t\t\t\t\t\t<\/div>\n\t\t\t\t\t\t\t\t\t\t\t\t\t\t\t<div class=\"timeline-body text-left\">\n\t\t\t\t\t\t\t\t\t<p>Saber d\u00f3nde pod\u00edamos ser lideres por experiencia y valores.<\/p>\n\t\t\t\t\t\t\t\t<\/div>\n\t\t\t\t\t\t\t\t\t\t\t\t\t\t<\/div>\n\t\t\t\t\t<\/li>\n\t\t\t\t\t\t\t\t\t\t<li class=\"timeline-item timeline-item-even timeline-inverted\" data-pre_hover_color=\"#363636\" data-hover_color=\"#ffffff\">\n\t\t\t\t\t\t<div class=\"timeline-badge\"><h4>2<\/h4><\/div>\n\t\t\t\t\t\t<div class=\"timeline-panel\">\n\t\t\t\t\t\t\t<div class=\"timeline-heading\">\n\t\t\t\t\t\t\t\t\t\t\t\t\t\t\t\t\t<h5 class=\"timeline-title\" style=\"color:#363636\">CarVerifies<\/h5>\n\t\t\t\t\t\t\t\t\t\t\t\t\t\t\t\t<\/div>\n\t\t\t\t\t\t\t\t\t\t\t\t\t\t\t<div class=\"timeline-body text-left\">\n\t\t\t\t\t\t\t\t\t<p>Creamos un empresa basada en la transparencia.<\/p>\n\t\t\t\t\t\t\t\t<\/div>\n\t\t\t\t\t\t\t\t\t\t\t\t\t\t<\/div>\n\t\t\t\t\t<\/li>\n\t\t\t\t\t\t\t\t\t\t<li class=\"timeline-item timeline-item-odd\" data-pre_hover_color=\"#363636\" data-hover_color=\"#ffffff\">\n\t\t\t\t\t\t<div class=\"timeline-badge\"><h4>3<\/h4><\/div>\n\t\t\t\t\t\t<div class=\"timeline-panel\">\n\t\t\t\t\t\t\t<div class=\"timeline-heading\">\n\t\t\t\t\t\t\t\t\t\t\t\t\t\t\t\t\t<h5 class=\"timeline-title\" style=\"color:#363636\">Nueva oficina principal<\/h5>\n\t\t\t\t\t\t\t\t\t\t\t\t\t\t\t\t<\/div>\n\t\t\t\t\t\t\t\t\t\t\t\t\t\t\t<div class=\"timeline-body text-left\">\n\t\t\t\t\t\t\t\t\t<p>Habilitamos y comenzamos un nuevo proceso hacia el \u00e9xito.<\/p>\n\t\t\t\t\t\t\t\t<\/div>\n\t\t\t\t\t\t\t\t\t\t\t\t\t\t<\/div>\n\t\t\t\t\t<\/li>\n\t\t\t\t\t\t\t\t\t\t<li class=\"timeline-item timeline-item-even timeline-inverted\" data-pre_hover_color=\"#363636\" data-hover_color=\"#ffffff\">\n\t\t\t\t\t\t<div class=\"timeline-badge\"><h4>4<\/h4><\/div>\n\t\t\t\t\t\t<div class=\"timeline-panel\">\n\t\t\t\t\t\t\t<div class=\"timeline-heading\">\n\t\t\t\t\t\t\t\t\t\t\t\t\t\t\t\t\t<h5 class=\"timeline-title\" style=\"color:#363636\">NUEVA PLATAFORMA LANZADA<\/h5>\n\t\t\t\t\t\t\t\t\t\t\t\t\t\t\t\t<\/div>\n\t\t\t\t\t\t\t\t\t\t\t\t\t\t\t<div class=\"timeline-body text-left\">\n\t\t\t\t\t\t\t\t\t<p>Para poder daros un servicio especializado y vanguardista.<\/p>\n\t\t\t\t\t\t\t\t<\/div>\n\t\t\t\t\t\t\t\t\t\t\t\t\t\t<\/div>\n\t\t\t\t\t<\/li>\n\t\t\t\t\t\t\t<\/ul>\n\t<\/div>\n\t\t<div id=\"cd_space_69d652b14e31c\" class=\"cd-space cd-space-69d652b14e31e \" style=\"clear:both; display:block;\"><\/div>\n\t<style type=\"text\/css\">#cd_space_69d652b14e31c{height:80px;}@media only screen and (max-width: 1200px){#cd_space_69d652b14e31c{ height:70px; } }@media only screen and (max-width: 992px) {#cd_space_69d652b14e31c{ height:60px; } }@media only screen and (max-width: 767px) {#cd_space_69d652b14e31c{ height:50px; } }@media only screen and (max-width: 479px) {#cd_space_69d652b14e31c{ height:40px; } }<\/style>\n\t[\/vc_column][\/vc_row][vc_row full_width=&#8221;stretch_row&#8221; parallax=&#8221;content-moving&#8221; parallax_image=&#8221;6540&#8243; parallax_speed_bg=&#8221;2.5&#8243; cd_bg_type=&#8221;row-background-dark&#8221; cd_overlay_opacity=&#8221;70&#8243; cd_enable_overlay=&#8221;true&#8221; cd_overlay_color=&#8221;#000000&#8243; css=&#8221;.vc_custom_1640008202561{background-image: url(https:\/\/carverifies.com\/wp-content\/uploads\/2021\/07\/placeholder_1920x800.jpg?id=7591) !important;}&#8221;][vc_column]\t<div id=\"cd_space_69d652b14e32c\" class=\"cd-space cd-space-69d652b14e32d \" style=\"clear:both; display:block;\"><\/div>\n\t<style type=\"text\/css\">#cd_space_69d652b14e32c{height:80px;}@media only screen and (max-width: 1200px){#cd_space_69d652b14e32c{ height:70px; } }@media only screen and (max-width: 992px) {#cd_space_69d652b14e32c{ height:60px; } }@media only screen and (max-width: 767px) {#cd_space_69d652b14e32c{ height:50px; } }@media only screen and (max-width: 479px) {#cd_space_69d652b14e32c{ height:40px; } }<\/style>\n\t[vc_row_inner][vc_column_inner width=&#8221;1\/2&#8243; css=&#8221;.vc_custom_1486714185506{margin-bottom: 30px !important;}&#8221; offset=&#8221;vc_col-lg-3 vc_col-md-3&#8243;]\t\t<div class=\"counter clearfix counter-style-4  left-separator\">\n\t\t\t<div class=\"separator\"><\/div>\n\t\t\t<div class=\"info\">\n\t\t\t\t<h6>VEH\u00cdCULOS REVISADOS<\/h6>\n\t\t\t\t<i class=\"glyph-icon flaticon-beetle\"><\/i>\n\t\t\t\t<b class=\"timer\" data-to=\"561\" data-speed=\"10000\"><\/b>\n\t\t\t<\/div>\n\t\t<\/div>\n\t\t[\/vc_column_inner][vc_column_inner width=&#8221;1\/2&#8243; css=&#8221;.vc_custom_1486714194276{margin-bottom: 30px !important;}&#8221; offset=&#8221;vc_col-lg-3 vc_col-md-3&#8243;]\t\t<div class=\"counter clearfix counter-style-4  left-separator\">\n\t\t\t<div class=\"separator\"><\/div>\n\t\t\t<div class=\"info\">\n\t\t\t\t<h6>RESE\u00d1AS DE CLIENTES<\/h6>\n\t\t\t\t<i class=\"glyph-icon flaticon-interface\"><\/i>\n\t\t\t\t<b class=\"timer\" data-to=\"856\" data-speed=\"10000\"><\/b>\n\t\t\t<\/div>\n\t\t<\/div>\n\t\t[\/vc_column_inner][vc_column_inner width=&#8221;1\/2&#8243; css=&#8221;.vc_custom_1486714204925{margin-bottom: 30px !important;}&#8221; offset=&#8221;vc_col-lg-3 vc_col-md-2&#8243;]\t\t<div class=\"counter clearfix counter-style-4  left-separator\">\n\t\t\t<div class=\"separator\"><\/div>\n\t\t\t<div class=\"info\">\n\t\t\t\t<h6>CLIENTES FELICES<\/h6>\n\t\t\t\t<i class=\"glyph-icon flaticon-circle\"><\/i>\n\t\t\t\t<b class=\"timer\" data-to=\"789\" data-speed=\"10000\"><\/b>\n\t\t\t<\/div>\n\t\t<\/div>\n\t\t[\/vc_column_inner][vc_column_inner width=&#8221;1\/2&#8243; css=&#8221;.vc_custom_1486714216135{margin-bottom: 30px !important;}&#8221; offset=&#8221;vc_col-lg-3 vc_col-md-3&#8243;]\t\t<div class=\"counter clearfix counter-style-4  left-separator\">\n\t\t\t<div class=\"separator\"><\/div>\n\t\t\t<div class=\"info\">\n\t\t\t\t<h6>\u00c9XITOS<\/h6>\n\t\t\t\t<i class=\"glyph-icon flaticon-cup\"><\/i>\n\t\t\t\t<b class=\"timer\" data-to=\"356\" data-speed=\"10000\"><\/b>\n\t\t\t<\/div>\n\t\t<\/div>\n\t\t[\/vc_column_inner][\/vc_row_inner][\/vc_column][\/vc_row][vc_row][vc_column]\t<div id=\"cd_space_69d652b14e388\" class=\"cd-space cd-space-69d652b14e389 \" style=\"clear:both; display:block;\"><\/div>\n\t<style type=\"text\/css\">#cd_space_69d652b14e388{height:50px;}@media only screen and (max-width: 1200px){#cd_space_69d652b14e388{ height:50px; } }@media only screen and (max-width: 992px) {#cd_space_69d652b14e388{ height:50px; } }@media only screen and (max-width: 767px) {#cd_space_69d652b14e388{ height:50px; } }@media only screen and (max-width: 479px) {#cd_space_69d652b14e388{ height:40px; } }<\/style>\n\t\t<div class=\"section-title text-center style_1\">\n\t\t\t\t\t\t<span>Profesionales del sector, cuando la perfecci\u00f3n es una ventaja<\/span>\n\t\t\t\t\t\t\t<h1>Nuestro Equipo<\/h1>\n\t\t\t\t\t\t\t<div class=\"separator\"><\/div>\n\t\t\t\t\t<\/div>\n\t[vc_gallery interval=&#8221;3&#8243; images=&#8221;11325,11326,11327,11328,11329,11330,11331,11332,11333&#8243; img_size=&#8221;800&#215;600&#8243;]\t<div id=\"cd_space_69d652b14e39f\" class=\"cd-space cd-space-69d652b14e3a0 \" style=\"clear:both; display:block;\"><\/div>\n\t<style type=\"text\/css\">#cd_space_69d652b14e39f{height:50px;}@media only screen and (max-width: 1200px){#cd_space_69d652b14e39f{ height:50px; } }@media only screen and (max-width: 992px) {#cd_space_69d652b14e39f{ height:50px; } }@media only screen and (max-width: 767px) {#cd_space_69d652b14e39f{ height:50px; } }@media only screen and (max-width: 479px) {#cd_space_69d652b14e39f{ height:40px; } }<\/style>\n\t[\/vc_column][\/vc_row]<\/p>\n<\/section>","protected":false},"excerpt":{"rendered":"<p>[vc_row][vc_column][vc_row_inner][vc_column_inner offset=&#8221;vc_col-lg-6 vc_col-md-6&#8243; css=&#8221;.vc_custom_1486703717203{margin-bottom: 30px !important;}&#8221;][\/vc_column_inner][vc_column_inner offset=&#8221;vc_col-lg-6 vc_col-md-6&#8243; css=&#8221;.vc_custom_1486703728748{margin-bottom: 30px !important;}&#8221;][vc_column_text] Comodidad y Tranquilidad para Nuestros Clientes Simplificamos el proceso para que pueda tomar una decisi\u00f3n informada y segura al adquirir su veh\u00edculo usado. En CarVerifies comprendemos lo agotador que puede ser tener que desplazarse a diferentes ubicaciones para revisar un coche de segunda mano. [&hellip;]<\/p>\n","protected":false},"author":1,"featured_media":0,"parent":0,"menu_order":0,"comment_status":"closed","ping_status":"closed","template":"templates\/page-vc_compatible.php","meta":{"footnotes":""},"class_list":["post-11092","page","type-page","status-publish","hentry"],"acf":[],"jetpack_sharing_enabled":true,"_links":{"self":[{"href":"https:\/\/carverifies.com\/index.php?rest_route=\/wp\/v2\/pages\/11092"}],"collection":[{"href":"https:\/\/carverifies.com\/index.php?rest_route=\/wp\/v2\/pages"}],"about":[{"href":"https:\/\/carverifies.com\/index.php?rest_route=\/wp\/v2\/types\/page"}],"author":[{"embeddable":true,"href":"https:\/\/carverifies.com\/index.php?rest_route=\/wp\/v2\/users\/1"}],"replies":[{"embeddable":true,"href":"https:\/\/carverifies.com\/index.php?rest_route=%2Fwp%2Fv2%2Fcomments&post=11092"}],"version-history":[{"count":21,"href":"https:\/\/carverifies.com\/index.php?rest_route=\/wp\/v2\/pages\/11092\/revisions"}],"predecessor-version":[{"id":11336,"href":"https:\/\/carverifies.com\/index.php?rest_route=\/wp\/v2\/pages\/11092\/revisions\/11336"}],"wp:attachment":[{"href":"https:\/\/carverifies.com\/index.php?rest_route=%2Fwp%2Fv2%2Fmedia&parent=11092"}],"curies":[{"name":"wp","href":"https:\/\/api.w.org\/{rel}","templated":true}]}}